{"id":80,"date":"2026-02-12T14:03:53","date_gmt":"2026-02-12T14:03:53","guid":{"rendered":"https:\/\/test-afc.frouxcloud.fr\/?page_id=80"},"modified":"2026-02-12T16:13:13","modified_gmt":"2026-02-12T16:13:13","slug":"qui-sommes-nous","status":"publish","type":"page","link":"https:\/\/test-afc.frouxcloud.fr\/index.php\/qui-sommes-nous\/","title":{"rendered":"QUI SOMMES-NOUS ?"},"content":{"rendered":"\n<p>Les Associations Familiales Catholiques sont un cadre d\u2019engagement et d\u2019entraide offert \u00e0 tous ceux qui veulent agir dans la soci\u00e9t\u00e9 au service de la famille \u00e0 la lumi\u00e8re de l\u2019enseignement de l\u2019Eglise Catholique.<br><br>Les 350 associations locales sont coordonn\u00e9es par une Conf\u00e9d\u00e9ration Nationale (la CNAFC), r\u00e9unissent 38.000 familles et sont pr\u00e9sentes dans 89 d\u00e9partements de m\u00e9tropole et d&rsquo;outre-mer.<br><br>Par d\u00e9cret du 14 d\u00e9cembre 2004, ce mouvement national a \u00e9t\u00e9 reconnu d&rsquo;utilit\u00e9 publique. Cette reconnaissance vient r\u00e9compenser un si\u00e8cle d&rsquo;engagement aupr\u00e8s des familles en conf\u00e9rant aux AFC une l\u00e9gitimit\u00e9 particuli\u00e8re dans leur domaine d&rsquo;action.<br><br>Les missions des AFC :<br><br>&#8211; Valoriser la famille fond\u00e9e sur le mariage et ouverte \u00e0 la vie comme chemin de bonheur et d\u2019\u00e9panouissement de la personne.<br>&#8211; Discerner localement les besoins des familles et prendre des initiatives pour y r\u00e9pondre : services, rencontres, formation, aide \u00e9ducative\u2026<br>&#8211; \u00catre une force de proposition permanente aupr\u00e8s des acteurs \u00e9conomiques, sociaux et politiques, pour que le choix de la famille et l\u2019accueil de l\u2019enfant soient facilit\u00e9s.<br><br>Pour promouvoir la famille !<br><br>La repr\u00e9sentativit\u00e9 des AFC, c\u2019est-\u00e0-dire leur poids aupr\u00e8s des instances gouvernementales, r\u00e9gionales, d\u00e9partementales, d\u00e9pend du nombre d\u2019adh\u00e9rents que nous poss\u00e9dons ; ce dernier est en effet traduit en nombre de voix au sein des unions d\u00e9partementales des associations familiales (UDAF) et de l\u2019union nationale des associations familiales (UNAF) qui sont les organes consult\u00e9s par les pouvoirs publics dans ce domaine.<br><br>Pour que votre famille compte, ce qu\u2019il faut savoir&#8230;<br><br>La repr\u00e9sentativit\u00e9 des associations familiales est directement fonction du nombre des familles adh\u00e9rentes. Le nombre de voix est calcul\u00e9 par famille en comptabilisant les parents et les enfants mineurs avec une voix suppl\u00e9mentaire par s\u00e9rie de trois enfants (avantage accord\u00e9 aux familles nombreuses).<br><br>Sur le plan local, l\u2019UDAF (Union D\u00e9partementale des Associations Familiales) est le porte-parole des associations familiales aupr\u00e8s des instances municipales et d\u00e9partementales (Conseil G\u00e9n\u00e9ral, Pr\u00e9fecture, Mairies, etc.). L\u2019UDAF re\u00e7oit des subventions et en redistribue une bonne partie, sous forme de fonds sp\u00e9ciaux, aux associations qui la composent. Cette r\u00e9partition se fait au prorata du nombre de voix de chaque association.<br><br>Sur le plan national, il en est de m\u00eame entre l\u2019UNAF &#8211; qui est le porte-parole des familles aupr\u00e8s des instances gouvernementales, politiques et sociales &#8211; et la Conf\u00e9d\u00e9ration Nationale des AFC qui fait partie de l\u2019UNAF.<br><br>Sur le plan Europ\u00e9en, la F\u00e9d\u00e9ration des AFC en Europe (FAFCE) cr\u00e9\u00e9e \u00e0 l\u2019initiative de la France en 1997, est le porte-parole des familles catholiques aupr\u00e8s des instances europ\u00e9ennes (Conseil de l\u2019Europe et Parlement Europ\u00e9en). Aujourd\u2019hui, la FAFCE compte 12 pays membres. Le nombre de familles repr\u00e9sent\u00e9es d\u00e9passe le seuil des 10 millions. Depuis novembre 2003, la FAFCE d\u00e9tient le statut \u00ab\u00a0participatif\u00a0\u00bb d\u2019Organisation Internationale Non Gouvernementale.<br><br>Sur le plan mondial, la vice pr\u00e9sidence Europe au sein de l\u2019Organisation Mondiale pour la Famille, rattach\u00e9e \u00e0 l\u2019ONU, est assur\u00e9e par un membre de la CNAFC.<br><br>Vous avez compris, plus il y a de familles adh\u00e9rentes aux AFC, plus elles pourront faire entendre leur voix sur tous les plans (local, national, europ\u00e9en et mondial).<br><br><strong>Adh\u00e9rez, renouvelez votre adh\u00e9sion,<\/strong><br><strong>c&rsquo;est urgent !<\/strong><br><\/p>\n\n\n\n<div class=\"wp-block-buttons is-layout-flex wp-block-buttons-is-layout-flex\">\n<div class=\"wp-block-button\"><a class=\"wp-block-button__link wp-element-button\" href=\"https:\/\/felix.afc-france.org\/espace-adherent\/login\" style=\"border-top-left-radius:100px;border-top-right-radius:100px;border-bottom-left-radius:100px;border-bottom-right-radius:100px\">Adh\u00e9rer<\/a><\/div>\n<\/div>\n\n\n\n<p>Les AFC de Tours Centre et Tours Nord font partie de la f\u00e9d\u00e9ration de Touraine (qui f\u00e9d\u00e8re aussi les AFC de Tours Sud et Loches).<br><br>L\u2019AFC de Tours centre, cr\u00e9\u00e9e en 1985 est compos\u00e9e d\u2019environ 200 familles adh\u00e9rentes<br>L\u2019AFC de Tours Nord, cr\u00e9\u00e9e en 1999, est compos\u00e9e d\u2019environ 100 familles adh\u00e9rentes.<br><br>Tout en conservant leur autonomie propre, ces deux associations ont d\u00e9cid\u00e9 en 2011 de travailler ensemble et leurs activit\u00e9s sont donc communes.<br><br>Le conseil d&rsquo;Administration de Tours Centre est compos\u00e9 de 6 membres, et le conseil d\u2019administration de Tours Nord est compos\u00e9 de 5 membres<\/p>\n\n\n\n<p>Les Associations Familiales Catholiques de Tours offrent notamment les services suivants:<br>Bourse aux v\u00eatements, Chantiers \u00c9ducation, Conf\u00e9rences&#8230;.<br>Veille, information et r\u00e9action sur les sujets de politique familiale et de d\u00e9fense de la vie<br>Participation \u00e0 la Collecte annuelle de l&rsquo;UDAF pour la f\u00eate des m\u00e8res<br>P\u00e8lerinage des familles \u00e0 l\u2019Ile Bouchard<br>Un site web avec une page de petites annonces<\/p>\n\n\n\n<div class=\"wp-block-buttons is-layout-flex wp-block-buttons-is-layout-flex\">\n<div class=\"wp-block-button\"><a class=\"wp-block-button__link wp-element-button\" href=\"https:\/\/test-afc.frouxcloud.fr\/index.php\/contact\/\" style=\"border-style:none;border-width:0px;border-top-left-radius:100px;border-top-right-radius:100px;border-bottom-left-radius:100px;border-bottom-right-radius:100px\">Nous contacter<\/a><\/div>\n<\/div>\n","protected":false},"excerpt":{"rendered":"<p>Les Associations Familiales Catholiques sont un cadre d\u2019engagement et d\u2019entraide offert \u00e0 tous ceux qui veulent agir dans la soci\u00e9t\u00e9 au service de la famille \u00e0 la lumi\u00e8re de l\u2019enseignement de l\u2019Eglise Catholique. Les 350 associations locales sont coordonn\u00e9es par une Conf\u00e9d\u00e9ration Nationale (la CNAFC), r\u00e9unissent 38.000 familles et sont pr\u00e9sentes dans 89 d\u00e9partements de&#8230;<\/p>\n","protected":false},"author":1,"featured_media":0,"parent":0,"menu_order":0,"comment_status":"closed","ping_status":"closed","template":"","meta":{"_kad_post_transparent":"","_kad_post_title":"","_kad_post_layout":"","_kad_post_sidebar_id":"","_kad_post_content_style":"","_kad_post_vertical_padding":"","_kad_post_feature":"","_kad_post_feature_position":"","_kad_post_header":false,"_kad_post_footer":false,"_kad_post_classname":"","footnotes":""},"class_list":["post-80","page","type-page","status-publish","hentry"],"_links":{"self":[{"href":"https:\/\/test-afc.frouxcloud.fr\/index.php\/wp-json\/wp\/v2\/pages\/80","targetHints":{"allow":["GET"]}}],"collection":[{"href":"https:\/\/test-afc.frouxcloud.fr\/index.php\/wp-json\/wp\/v2\/pages"}],"about":[{"href":"https:\/\/test-afc.frouxcloud.fr\/index.php\/wp-json\/wp\/v2\/types\/page"}],"author":[{"embeddable":true,"href":"https:\/\/test-afc.frouxcloud.fr\/index.php\/wp-json\/wp\/v2\/users\/1"}],"replies":[{"embeddable":true,"href":"https:\/\/test-afc.frouxcloud.fr\/index.php\/wp-json\/wp\/v2\/comments?post=80"}],"version-history":[{"count":5,"href":"https:\/\/test-afc.frouxcloud.fr\/index.php\/wp-json\/wp\/v2\/pages\/80\/revisions"}],"predecessor-version":[{"id":96,"href":"https:\/\/test-afc.frouxcloud.fr\/index.php\/wp-json\/wp\/v2\/pages\/80\/revisions\/96"}],"wp:attachment":[{"href":"https:\/\/test-afc.frouxcloud.fr\/index.php\/wp-json\/wp\/v2\/media?parent=80"}],"curies":[{"name":"wp","href":"https:\/\/api.w.org\/{rel}","templated":true}]}}