{"id":34,"date":"2026-02-11T16:42:51","date_gmt":"2026-02-11T16:42:51","guid":{"rendered":"http:\/\/192.168.1.113\/?page_id=34"},"modified":"2026-02-24T17:37:53","modified_gmt":"2026-02-24T17:37:53","slug":"accueil-2","status":"publish","type":"page","link":"https:\/\/test-afc.frouxcloud.fr\/","title":{"rendered":"ACCUEIL"},"content":{"rendered":"<style>.kb-row-layout-id34_164793-3b > .kt-row-column-wrap{align-content:start;}:where(.kb-row-layout-id34_164793-3b > .kt-row-column-wrap) > .wp-block-kadence-column{justify-content:start;}.kb-row-layout-id34_164793-3b > .kt-row-column-wrap{column-gap:var(--global-kb-gap-md, 2rem);row-gap:var(--global-kb-gap-md, 2rem);max-width:var( --global-content-width, 1290px );padding-left:var(--global-content-edge-padding);padding-right:var(--global-content-edge-padding);padding-top:var(--global-kb-spacing-sm, 1.5rem);padding-bottom:var(--global-kb-spacing-sm, 1.5rem);min-height:50vh;grid-template-columns:minmax(0, 1fr);}.kb-row-layout-id34_164793-3b{background-image:url('https:\/\/test-afc.frouxcloud.fr\/wp-content\/uploads\/2026\/02\/AdobeStock_3205821392x-2.png');background-size:cover;background-position:center center;background-attachment:fixed;background-repeat:no-repeat;}.kb-row-layout-id34_164793-3b > .kt-row-layout-overlay{opacity:0.30;}@media all and (max-width: 1024px), only screen and (min-device-width: 1024px) and (max-device-width: 1366px) and (-webkit-min-device-pixel-ratio: 2) and (hover: none){.kb-row-layout-id34_164793-3b{background-attachment:scroll;}}@media all and (max-width: 1024px){.kb-row-layout-id34_164793-3b > .kt-row-column-wrap{grid-template-columns:minmax(0, 1fr);}}@media all and (max-width: 767px){.kb-row-layout-id34_164793-3b > .kt-row-column-wrap{grid-template-columns:minmax(0, 1fr);}}<\/style><div class=\"kb-row-layout-wrap kb-row-layout-id34_164793-3b alignnone kt-row-has-bg wp-block-kadence-rowlayout\"><div class=\"kt-row-column-wrap kt-has-1-columns kt-row-layout-equal kt-tab-layout-inherit kt-mobile-layout-row kt-row-valign-top kb-theme-content-width\">\n<style>.kadence-column34_df3279-d7 > .kt-inside-inner-col,.kadence-column34_df3279-d7 > .kt-inside-inner-col:before{border-top-left-radius:0px;border-top-right-radius:0px;border-bottom-right-radius:0px;border-bottom-left-radius:0px;}.kadence-column34_df3279-d7 > .kt-inside-inner-col{column-gap:var(--global-kb-gap-sm, 1rem);}.kadence-column34_df3279-d7 > .kt-inside-inner-col{flex-direction:column;}.kadence-column34_df3279-d7 > .kt-inside-inner-col > .aligncenter{width:100%;}.kadence-column34_df3279-d7 > .kt-inside-inner-col:before{opacity:0.3;}.kadence-column34_df3279-d7{position:relative;}@media all and (max-width: 1024px){.kadence-column34_df3279-d7 > .kt-inside-inner-col{flex-direction:column;justify-content:center;}}@media all and (max-width: 767px){.kadence-column34_df3279-d7 > .kt-inside-inner-col{flex-direction:column;justify-content:center;}}<\/style>\n<div class=\"wp-block-kadence-column kadence-column34_df3279-d7\"><div class=\"kt-inside-inner-col\">\n<div style=\"height:6vh\" aria-hidden=\"true\" class=\"wp-block-spacer\"><\/div>\n\n\n<style>.wp-block-kadence-advancedheading.kt-adv-heading34_75fb67-bd, .wp-block-kadence-advancedheading.kt-adv-heading34_75fb67-bd[data-kb-block=\"kb-adv-heading34_75fb67-bd\"]{padding-top:0px;margin-top:0px;text-align:center;font-size:var(--global-kb-font-size-xxl, 4rem);font-style:normal;}.wp-block-kadence-advancedheading.kt-adv-heading34_75fb67-bd mark.kt-highlight, .wp-block-kadence-advancedheading.kt-adv-heading34_75fb67-bd[data-kb-block=\"kb-adv-heading34_75fb67-bd\"] mark.kt-highlight{font-style:normal;color:#f76a0c;-webkit-box-decoration-break:clone;box-decoration-break:clone;padding-top:0px;padding-right:0px;padding-bottom:0px;padding-left:0px;}.wp-block-kadence-advancedheading.kt-adv-heading34_75fb67-bd img.kb-inline-image, .wp-block-kadence-advancedheading.kt-adv-heading34_75fb67-bd[data-kb-block=\"kb-adv-heading34_75fb67-bd\"] img.kb-inline-image{width:150px;vertical-align:baseline;}<\/style>\n<h1 class=\"kt-adv-heading34_75fb67-bd wp-block-kadence-advancedheading has-theme-palette-9-color has-text-color\" data-kb-block=\"kb-adv-heading34_75fb67-bd\">Bienvenue sur le site des AFC de Tours<\/h1>\n<\/div><\/div>\n\n<\/div><\/div>\n\n\n<h2 class=\"wp-block-heading\">Bienvenue sur le site des AFC de Tours<\/h2>\n\n\n\n<p><em>Pr\u00e9sentation rapide<\/em><\/p>\n\n\n\n<hr class=\"wp-block-separator has-alpha-channel-opacity\"\/>\n\n\n\n<h2 class=\"wp-block-heading\">Nos prochains \u00e9v\u00e9nements<\/h2>\n\n\n<style>.kb-posts-id-34_fb9488-1c .kb-post-list-item{display:grid;}<\/style><ul class=\"wp-block-kadence-posts kb-posts kadence-posts-list kb-posts-id-34_fb9488-1c content-wrap grid-cols kb-posts-style-boxed grid-sm-col-1 grid-lg-col-1 item-image-style-beside\"><li class=\"kb-post-list-item\">\n\t<article class=\"entry content-bg loop-entry post-102 post type-post status-publish format-standard has-post-thumbnail hentry category-evenements\">\n\t\t\t\t<a aria-hidden=\"true\" tabindex=\"-1\" role=\"presentation\" class=\"post-thumbnail kadence-thumbnail-ratio-inherit\" href=\"https:\/\/test-afc.frouxcloud.fr\/index.php\/2025\/11\/07\/conference-lumiere-sur-les-pratiques-occultes\/\" aria-label=\"Conf\u00e9rence Lumi\u00e8re sur les pratiques occultes\">\n\t\t\t<div class=\"post-thumbnail-inner\">\n\t\t\t\t<img loading=\"lazy\" decoding=\"async\" width=\"768\" height=\"1086\" src=\"https:\/\/test-afc.frouxcloud.fr\/wp-content\/uploads\/2026\/02\/image-768x1086.png\" class=\"attachment-medium_large size-medium_large wp-post-image\" alt=\"Conf\u00e9rence Lumi\u00e8re sur les pratiques occultes\" srcset=\"https:\/\/test-afc.frouxcloud.fr\/wp-content\/uploads\/2026\/02\/image-768x1086.png 768w, https:\/\/test-afc.frouxcloud.fr\/wp-content\/uploads\/2026\/02\/image-212x300.png 212w, https:\/\/test-afc.frouxcloud.fr\/wp-content\/uploads\/2026\/02\/image-724x1024.png 724w, https:\/\/test-afc.frouxcloud.fr\/wp-content\/uploads\/2026\/02\/image-1086x1536.png 1086w, https:\/\/test-afc.frouxcloud.fr\/wp-content\/uploads\/2026\/02\/image.png 1131w\" sizes=\"auto, (max-width: 768px) 100vw, 768px\" \/>\t\t\t<\/div>\n\t\t<\/a><!-- .post-thumbnail -->\n\t\t\t\t<div class=\"entry-content-wrap\">\n\t\t\t<header class=\"entry-header\">\n\t\t<div class=\"entry-taxonomies\">\n\t\t<span class=\"category-links term-links category-style-normal\">\n\t\t\t<a href=\"https:\/\/test-afc.frouxcloud.fr\/index.php\/category\/evenements\/\" class=\"category-link-evenements\" rel=\"tag\">\u00c9v\u00e9nements<\/a>\t\t<\/span>\n\t<\/div><!-- .entry-taxonomies -->\n\t<h2 class=\"entry-title\"><a href=\"https:\/\/test-afc.frouxcloud.fr\/index.php\/2025\/11\/07\/conference-lumiere-sur-les-pratiques-occultes\/\" rel=\"bookmark\">Conf\u00e9rence Lumi\u00e8re sur les pratiques occultes<\/a><\/h2><\/header><!-- .entry-header -->\n\t<div class=\"entry-summary\">\n\t\t<p>Jeudi 13 novembre 2025 \u00e0 20h15<\/p>\n\t<\/div><!-- .entry-summary -->\n\t<footer class=\"entry-footer\">\n\t\t\t<div class=\"entry-actions\">\n\t\t\t<p class=\"more-link-wrap\">\n\t\t\t\t<a href=\"https:\/\/test-afc.frouxcloud.fr\/index.php\/2025\/11\/07\/conference-lumiere-sur-les-pratiques-occultes\/\" class=\"post-more-link\">\n\t\t\t\t\tlire la suite<span class=\"screen-reader-text\"> Conf\u00e9rence Lumi\u00e8re sur les pratiques occultes<\/span><span class=\"kadence-svg-iconset svg-baseline\"><svg aria-hidden=\"true\" class=\"kadence-svg-icon kadence-arrow-right-alt-svg\" fill=\"currentColor\" version=\"1.1\" xmlns=\"http:\/\/www.w3.org\/2000\/svg\" width=\"27\" height=\"28\" viewBox=\"0 0 27 28\"><title>Continuer<\/title><path d=\"M27 13.953c0 0.141-0.063 0.281-0.156 0.375l-6 5.531c-0.156 0.141-0.359 0.172-0.547 0.094-0.172-0.078-0.297-0.25-0.297-0.453v-3.5h-19.5c-0.281 0-0.5-0.219-0.5-0.5v-3c0-0.281 0.219-0.5 0.5-0.5h19.5v-3.5c0-0.203 0.109-0.375 0.297-0.453s0.391-0.047 0.547 0.078l6 5.469c0.094 0.094 0.156 0.219 0.156 0.359v0z\"><\/path>\n\t\t\t<\/svg><\/span>\t\t\t\t<\/a>\n\t\t\t<\/p>\n\t\t<\/div><!-- .entry-actions -->\n\t\t<\/footer><!-- .entry-footer -->\t\t<\/div>\n\t<\/article>\n<\/li>\n<li class=\"kb-post-list-item\">\n\t<article class=\"entry content-bg loop-entry post-107 post type-post status-publish format-standard has-post-thumbnail hentry category-evenements\">\n\t\t\t\t<a aria-hidden=\"true\" tabindex=\"-1\" role=\"presentation\" class=\"post-thumbnail kadence-thumbnail-ratio-inherit\" href=\"https:\/\/test-afc.frouxcloud.fr\/index.php\/2025\/10\/09\/bourse-aux-vetements-dautomne-jeudi-9-octobre\/\" aria-label=\"BOURSE AUX VETEMENTS D&rsquo;AUTOMNE JEUDI 9 OCTOBRE\">\n\t\t\t<div class=\"post-thumbnail-inner\">\n\t\t\t\t<img loading=\"lazy\" decoding=\"async\" width=\"768\" height=\"1090\" src=\"https:\/\/test-afc.frouxcloud.fr\/wp-content\/uploads\/2026\/02\/image-1-768x1090.png\" class=\"attachment-medium_large size-medium_large wp-post-image\" alt=\"BOURSE AUX VETEMENTS D&rsquo;AUTOMNE JEUDI 9 OCTOBRE\" srcset=\"https:\/\/test-afc.frouxcloud.fr\/wp-content\/uploads\/2026\/02\/image-1-768x1090.png 768w, https:\/\/test-afc.frouxcloud.fr\/wp-content\/uploads\/2026\/02\/image-1-211x300.png 211w, https:\/\/test-afc.frouxcloud.fr\/wp-content\/uploads\/2026\/02\/image-1-722x1024.png 722w, https:\/\/test-afc.frouxcloud.fr\/wp-content\/uploads\/2026\/02\/image-1.png 874w\" sizes=\"auto, (max-width: 768px) 100vw, 768px\" \/>\t\t\t<\/div>\n\t\t<\/a><!-- .post-thumbnail -->\n\t\t\t\t<div class=\"entry-content-wrap\">\n\t\t\t<header class=\"entry-header\">\n\t\t<div class=\"entry-taxonomies\">\n\t\t<span class=\"category-links term-links category-style-normal\">\n\t\t\t<a href=\"https:\/\/test-afc.frouxcloud.fr\/index.php\/category\/evenements\/\" class=\"category-link-evenements\" rel=\"tag\">\u00c9v\u00e9nements<\/a>\t\t<\/span>\n\t<\/div><!-- .entry-taxonomies -->\n\t<h2 class=\"entry-title\"><a href=\"https:\/\/test-afc.frouxcloud.fr\/index.php\/2025\/10\/09\/bourse-aux-vetements-dautomne-jeudi-9-octobre\/\" rel=\"bookmark\">BOURSE AUX VETEMENTS D&rsquo;AUTOMNE JEUDI 9 OCTOBRE<\/a><\/h2><\/header><!-- .entry-header -->\n\t<div class=\"entry-summary\">\n\t\t<p>Jeudi 9 octobre 2025 de 10h \u00e0 15h<\/p>\n\t<\/div><!-- .entry-summary -->\n\t<footer class=\"entry-footer\">\n\t\t\t<div class=\"entry-actions\">\n\t\t\t<p class=\"more-link-wrap\">\n\t\t\t\t<a href=\"https:\/\/test-afc.frouxcloud.fr\/index.php\/2025\/10\/09\/bourse-aux-vetements-dautomne-jeudi-9-octobre\/\" class=\"post-more-link\">\n\t\t\t\t\tlire la suite<span class=\"screen-reader-text\"> BOURSE AUX VETEMENTS D&rsquo;AUTOMNE JEUDI 9 OCTOBRE<\/span><span class=\"kadence-svg-iconset svg-baseline\"><svg aria-hidden=\"true\" class=\"kadence-svg-icon kadence-arrow-right-alt-svg\" fill=\"currentColor\" version=\"1.1\" xmlns=\"http:\/\/www.w3.org\/2000\/svg\" width=\"27\" height=\"28\" viewBox=\"0 0 27 28\"><title>Continuer<\/title><path d=\"M27 13.953c0 0.141-0.063 0.281-0.156 0.375l-6 5.531c-0.156 0.141-0.359 0.172-0.547 0.094-0.172-0.078-0.297-0.25-0.297-0.453v-3.5h-19.5c-0.281 0-0.5-0.219-0.5-0.5v-3c0-0.281 0.219-0.5 0.5-0.5h19.5v-3.5c0-0.203 0.109-0.375 0.297-0.453s0.391-0.047 0.547 0.078l6 5.469c0.094 0.094 0.156 0.219 0.156 0.359v0z\"><\/path>\n\t\t\t<\/svg><\/span>\t\t\t\t<\/a>\n\t\t\t<\/p>\n\t\t<\/div><!-- .entry-actions -->\n\t\t<\/footer><!-- .entry-footer -->\t\t<\/div>\n\t<\/article>\n<\/li>\n<\/ul>\n\n\n<div style=\"height:20px\" aria-hidden=\"true\" class=\"wp-block-spacer\"><\/div>\n\n\n\n<div class=\"wp-block-buttons is-content-justification-center is-layout-flex wp-container-core-buttons-is-layout-16018d1d wp-block-buttons-is-layout-flex\">\n<div class=\"wp-block-button\"><a class=\"wp-block-button__link has-text-align-center wp-element-button\" href=\"https:\/\/test-afc.frouxcloud.fr\/index.php\/evenements\/\" style=\"border-top-left-radius:100px;border-top-right-radius:100px;border-bottom-left-radius:100px;border-bottom-right-radius:100px\">\u00c9v\u00e9nements<\/a><\/div>\n<\/div>\n\n\n\n<hr class=\"wp-block-separator has-alpha-channel-opacity\"\/>\n\n\n\n<h2 class=\"wp-block-heading\">Les derni\u00e8res actualit\u00e9s<\/h2>\n\n\n<style>.kb-posts-id-34_ebe3cf-7c .kb-post-list-item{display:grid;}<\/style><ul class=\"wp-block-kadence-posts kb-posts kadence-posts-list kb-posts-id-34_ebe3cf-7c content-wrap grid-cols kb-posts-style-boxed grid-sm-col-2 grid-lg-col-3 item-image-style-above\"><li class=\"kb-post-list-item\">\n\t<article class=\"entry content-bg loop-entry post-110 post type-post status-publish format-standard hentry category-politique\">\n\t\t\t\t<div class=\"entry-content-wrap\">\n\t\t\t<header class=\"entry-header\">\n\t\t<div class=\"entry-taxonomies\">\n\t\t<span class=\"category-links term-links category-style-normal\">\n\t\t\t<a href=\"https:\/\/test-afc.frouxcloud.fr\/index.php\/category\/politique\/\" class=\"category-link-politique\" rel=\"tag\">Politique<\/a>\t\t<\/span>\n\t<\/div><!-- .entry-taxonomies -->\n\t<h2 class=\"entry-title\"><a href=\"https:\/\/test-afc.frouxcloud.fr\/index.php\/2022\/02\/25\/allongement-du-delai-davortement-le-triste-bilan-du-quinquennat-demmanuel-macron\/\" rel=\"bookmark\">Allongement du d\u00e9lai d&rsquo;avortement : le triste bilan du quinquennat d&rsquo;Emmanuel Macron<\/a><\/h2>\t<div class=\"entry-meta entry-meta-divider-dot\">\n\t\t\t\t<span class=\"posted-on\">\n\t\t\t\t<time class=\"entry-date published\" datetime=\"2022-02-25T20:48:16+00:00\">25 f\u00e9vrier 2022<\/time><time class=\"updated\" datetime=\"2026-02-12T20:48:45+00:00\">12 f\u00e9vrier 2026<\/time>\t\t\t<\/span>\n\t\t\t\t<\/div><!-- .entry-meta -->\n\t<\/header><!-- .entry-header -->\n\t<div class=\"entry-summary\">\n\t\t<p>Hier, mercredi 23 f\u00e9vrier, l&rsquo;Assembl\u00e9e nationale a d\u00e9finitivement adopt\u00e9 la proposition de loi de Madame Albane Gaillot qui encourage et banalise le recours \u00e0 l&rsquo;avortement \u00e0 travers diverses mesures : &#8211; l&rsquo;allongement des d\u00e9lais l\u00e9gaux d&rsquo;acc\u00e8s \u00e0 l&rsquo;IVG de douze \u00e0 quatorze semaines&#8211; l&rsquo;allongement des d\u00e9lais l\u00e9gaux d&rsquo;IVG \u00e0 domicile de 5 \u00e0 7 semaines&#8230;<\/p>\n\t<\/div><!-- .entry-summary -->\n\t<footer class=\"entry-footer\">\n\t\t\t<div class=\"entry-actions\">\n\t\t\t<p class=\"more-link-wrap\">\n\t\t\t\t<a href=\"https:\/\/test-afc.frouxcloud.fr\/index.php\/2022\/02\/25\/allongement-du-delai-davortement-le-triste-bilan-du-quinquennat-demmanuel-macron\/\" class=\"post-more-link\">\n\t\t\t\t\tlire la suite<span class=\"screen-reader-text\"> Allongement du d\u00e9lai d&rsquo;avortement : le triste bilan du quinquennat d&rsquo;Emmanuel Macron<\/span><span class=\"kadence-svg-iconset svg-baseline\"><svg aria-hidden=\"true\" class=\"kadence-svg-icon kadence-arrow-right-alt-svg\" fill=\"currentColor\" version=\"1.1\" xmlns=\"http:\/\/www.w3.org\/2000\/svg\" width=\"27\" height=\"28\" viewBox=\"0 0 27 28\"><title>Continuer<\/title><path d=\"M27 13.953c0 0.141-0.063 0.281-0.156 0.375l-6 5.531c-0.156 0.141-0.359 0.172-0.547 0.094-0.172-0.078-0.297-0.25-0.297-0.453v-3.5h-19.5c-0.281 0-0.5-0.219-0.5-0.5v-3c0-0.281 0.219-0.5 0.5-0.5h19.5v-3.5c0-0.203 0.109-0.375 0.297-0.453s0.391-0.047 0.547 0.078l6 5.469c0.094 0.094 0.156 0.219 0.156 0.359v0z\"><\/path>\n\t\t\t<\/svg><\/span>\t\t\t\t<\/a>\n\t\t\t<\/p>\n\t\t<\/div><!-- .entry-actions -->\n\t\t<\/footer><!-- .entry-footer -->\t\t<\/div>\n\t<\/article>\n<\/li>\n<li class=\"kb-post-list-item\">\n\t<article class=\"entry content-bg loop-entry post-112 post type-post status-publish format-standard hentry category-divers\">\n\t\t\t\t<div class=\"entry-content-wrap\">\n\t\t\t<header class=\"entry-header\">\n\t\t<div class=\"entry-taxonomies\">\n\t\t<span class=\"category-links term-links category-style-normal\">\n\t\t\t<a href=\"https:\/\/test-afc.frouxcloud.fr\/index.php\/category\/divers\/\" class=\"category-link-divers\" rel=\"tag\">Divers<\/a>\t\t<\/span>\n\t<\/div><!-- .entry-taxonomies -->\n\t<h2 class=\"entry-title\"><a href=\"https:\/\/test-afc.frouxcloud.fr\/index.php\/2021\/12\/16\/don-des-afc-de-touraine-a-magnificat\/\" rel=\"bookmark\">Don des AFC de Touraine \u00e0 Magnificat<\/a><\/h2>\t<div class=\"entry-meta entry-meta-divider-dot\">\n\t\t\t\t<span class=\"posted-on\">\n\t\t\t\t<time class=\"entry-date published\" datetime=\"2021-12-16T20:50:36+00:00\">16 d\u00e9cembre 2021<\/time><time class=\"updated\" datetime=\"2026-02-12T20:51:08+00:00\">12 f\u00e9vrier 2026<\/time>\t\t\t<\/span>\n\t\t\t\t<\/div><!-- .entry-meta -->\n\t<\/header><!-- .entry-header -->\n\t<div class=\"entry-summary\">\n\t\t<p>Nous avons eu le plaisir de remettre officiellement \u00e0 l&rsquo;association MAGNIFICAT, lors d&rsquo;une rencontre en leur si\u00e8ge de Tours, le ch\u00e8que r\u00e9sultant de la qu\u00eate pour la M\u00e8re et l&rsquo;Enfant men\u00e9e par les AFC de Touraine le jour de la f\u00eate des m\u00e8res 2021.Maryvonne de Russ\u00e9 (Pr\u00e9sidente de la F\u00e9d\u00e9ration AFC de Touraine) ; Brigitte&#8230;<\/p>\n\t<\/div><!-- .entry-summary -->\n\t<footer class=\"entry-footer\">\n\t\t\t<div class=\"entry-actions\">\n\t\t\t<p class=\"more-link-wrap\">\n\t\t\t\t<a href=\"https:\/\/test-afc.frouxcloud.fr\/index.php\/2021\/12\/16\/don-des-afc-de-touraine-a-magnificat\/\" class=\"post-more-link\">\n\t\t\t\t\tlire la suite<span class=\"screen-reader-text\"> Don des AFC de Touraine \u00e0 Magnificat<\/span><span class=\"kadence-svg-iconset svg-baseline\"><svg aria-hidden=\"true\" class=\"kadence-svg-icon kadence-arrow-right-alt-svg\" fill=\"currentColor\" version=\"1.1\" xmlns=\"http:\/\/www.w3.org\/2000\/svg\" width=\"27\" height=\"28\" viewBox=\"0 0 27 28\"><title>Continuer<\/title><path d=\"M27 13.953c0 0.141-0.063 0.281-0.156 0.375l-6 5.531c-0.156 0.141-0.359 0.172-0.547 0.094-0.172-0.078-0.297-0.25-0.297-0.453v-3.5h-19.5c-0.281 0-0.5-0.219-0.5-0.5v-3c0-0.281 0.219-0.5 0.5-0.5h19.5v-3.5c0-0.203 0.109-0.375 0.297-0.453s0.391-0.047 0.547 0.078l6 5.469c0.094 0.094 0.156 0.219 0.156 0.359v0z\"><\/path>\n\t\t\t<\/svg><\/span>\t\t\t\t<\/a>\n\t\t\t<\/p>\n\t\t<\/div><!-- .entry-actions -->\n\t\t<\/footer><!-- .entry-footer -->\t\t<\/div>\n\t<\/article>\n<\/li>\n<\/ul>\n\n\n<div style=\"height:20px\" aria-hidden=\"true\" class=\"wp-block-spacer\"><\/div>\n\n\n\n<div class=\"wp-block-buttons is-content-justification-center is-layout-flex wp-container-core-buttons-is-layout-e1485a7b wp-block-buttons-is-layout-flex\">\n<div class=\"wp-block-button\"><a class=\"wp-block-button__link has-text-align-center wp-element-button\" href=\"https:\/\/test-afc.frouxcloud.fr\/index.php\/accueil\/\" style=\"border-top-left-radius:100px;border-top-right-radius:100px;border-bottom-left-radius:100px;border-bottom-right-radius:100px\">Actualit\u00e9s<\/a><\/div>\n<\/div>\n\n\n\n<hr class=\"wp-block-separator has-alpha-channel-opacity\"\/>\n\n\n\n<p><em>Autre chose<\/em><\/p>\n","protected":false},"excerpt":{"rendered":"<p>Bienvenue sur le site des AFC de Tours Bienvenue sur le site des AFC de Tours Pr\u00e9sentation rapide Nos prochains \u00e9v\u00e9nements Les derni\u00e8res actualit\u00e9s Autre chose<\/p>\n","protected":false},"author":1,"featured_media":0,"parent":0,"menu_order":0,"comment_status":"closed","ping_status":"closed","template":"","meta":{"_kad_post_transparent":"","_kad_post_title":"hide","_kad_post_layout":"","_kad_post_sidebar_id":"","_kad_post_content_style":"","_kad_post_vertical_padding":"default","_kad_post_feature":"show","_kad_post_feature_position":"behind","_kad_post_header":false,"_kad_post_footer":false,"_kad_post_classname":"","footnotes":""},"class_list":["post-34","page","type-page","status-publish","hentry"],"_links":{"self":[{"href":"https:\/\/test-afc.frouxcloud.fr\/index.php\/wp-json\/wp\/v2\/pages\/34","targetHints":{"allow":["GET"]}}],"collection":[{"href":"https:\/\/test-afc.frouxcloud.fr\/index.php\/wp-json\/wp\/v2\/pages"}],"about":[{"href":"https:\/\/test-afc.frouxcloud.fr\/index.php\/wp-json\/wp\/v2\/types\/page"}],"author":[{"embeddable":true,"href":"https:\/\/test-afc.frouxcloud.fr\/index.php\/wp-json\/wp\/v2\/users\/1"}],"replies":[{"embeddable":true,"href":"https:\/\/test-afc.frouxcloud.fr\/index.php\/wp-json\/wp\/v2\/comments?post=34"}],"version-history":[{"count":23,"href":"https:\/\/test-afc.frouxcloud.fr\/index.php\/wp-json\/wp\/v2\/pages\/34\/revisions"}],"predecessor-version":[{"id":164,"href":"https:\/\/test-afc.frouxcloud.fr\/index.php\/wp-json\/wp\/v2\/pages\/34\/revisions\/164"}],"wp:attachment":[{"href":"https:\/\/test-afc.frouxcloud.fr\/index.php\/wp-json\/wp\/v2\/media?parent=34"}],"curies":[{"name":"wp","href":"https:\/\/api.w.org\/{rel}","templated":true}]}}