{"id":127,"date":"2026-02-12T21:09:23","date_gmt":"2026-02-12T21:09:23","guid":{"rendered":"https:\/\/test-afc.frouxcloud.fr\/?page_id=127"},"modified":"2026-02-12T21:09:23","modified_gmt":"2026-02-12T21:09:23","slug":"chantiers-education","status":"publish","type":"page","link":"https:\/\/test-afc.frouxcloud.fr\/index.php\/chantiers-education\/","title":{"rendered":"CHANTIERS-\u00c9DUCATION"},"content":{"rendered":"\n<figure class=\"wp-block-image is-resized\"><img decoding=\"async\" src=\"https:\/\/afc-tours.fr\/images\/Banni%C3%A8re_Chantiers-Education_30_ans.png\" alt=\"Banni\u00e8re Chantiers Education 30 ans\" style=\"width:1178px;height:auto\"\/><\/figure>\n\n\n\n<p>C&rsquo;est une proposition qui nous est faite de prendre du temps pour partager, \u00e9changer sur nos joies, nos difficult\u00e9s, nos soucis, nos r\u00e9ussites, notre quotidien dans l&rsquo;\u00e9ducation de nos enfants.<\/p>\n\n\n\n<p>Concr\u00e8tement, le chantier \u00e9ducation est un lieu de rencontre, d&rsquo;\u00e9coute, de partage d&rsquo;exp\u00e9riences entre m\u00e8res et\/ou p\u00e8res de familles, quelque soit leur situation familiale, qu\u2018ils aient un ou plusieurs enfants, qu&rsquo;ils aient de 3 \u00e0 25 ans (voire plus car nous proposons aussi des chantiers de grands-parents).<\/p>\n\n\n\n<p>Chaque chantier constitu\u00e9 de 5 \u00e0 10 parents dont un bin\u00f4me Responsable \u2013Animateur, se r\u00e9unit une fois par mois pendant environ 2 heures, autour d&rsquo;un th\u00e8me li\u00e9 \u00e0 l&rsquo;\u00e9ducation. Ce th\u00e8me est choisi par les participants ; l&rsquo;an dernier, par exemple les sujets pouvaient \u00eatre : la confiance, l&rsquo;organisation de la m\u00e8re de famille, le rapport \u00e0 l&rsquo;\u00e9cran, etc. La m\u00e9thode du Chantier \u00c9ducation et le respect de sa charte en garantissent l\u2019efficacit\u00e9.<\/p>\n\n\n\n<p>Aujourd\u2019hui, avec 30 ans d\u2019exp\u00e9rience, la proposition des Chantiers Education est plus que jamais d\u2019actualit\u00e9 pour soutenir les parents dans leurs missions \u00e9ducatives .<\/p>\n\n\n\n<p>Pour obtenir plus d&rsquo;informations sur l&rsquo;esprit et le fonctionnement des chantiers, vous pouvez&nbsp;<a href=\"https:\/\/www.afc-france.org\/education\/actions-et-outils\/chantiers-education\" target=\"_blank\" rel=\"noreferrer noopener\">cliquer ici<\/a>.<\/p>\n\n\n\n<p>Si vous souhaitez participer \u00e0 un chantier, \u00e0 quelque moment de l\u2019ann\u00e9e que ce soit, n\u2019h\u00e9sitez pas \u00e0 nous contacter ou \u00e0 contacter directement la r\u00e9f\u00e9rente d\u00e9partementale des chantiers pour l&rsquo;Indre et Loire \u00e0 l&rsquo;adresse mail suivante :&nbsp;<a href=\"mailto:chantierseducation.afc37@gmail.com\">chantierseducation.afc37@gmail.com<\/a><\/p>\n\n\n\n<p>Cr\u00e9dit photo :&nbsp;CNAFC &#8211; Le site de la Conf\u00e9d\u00e9ration des Associations Familiales Catholiques.<\/p>\n","protected":false},"excerpt":{"rendered":"<p>C&rsquo;est une proposition qui nous est faite de prendre du temps pour partager, \u00e9changer sur nos joies, nos difficult\u00e9s, nos soucis, nos r\u00e9ussites, notre quotidien dans l&rsquo;\u00e9ducation de nos enfants. Concr\u00e8tement, le chantier \u00e9ducation est un lieu de rencontre, d&rsquo;\u00e9coute, de partage d&rsquo;exp\u00e9riences entre m\u00e8res et\/ou p\u00e8res de familles, quelque soit leur situation familiale, qu\u2018ils&#8230;<\/p>\n","protected":false},"author":1,"featured_media":0,"parent":0,"menu_order":0,"comment_status":"closed","ping_status":"closed","template":"","meta":{"_kad_post_transparent":"","_kad_post_title":"","_kad_post_layout":"","_kad_post_sidebar_id":"","_kad_post_content_style":"","_kad_post_vertical_padding":"","_kad_post_feature":"","_kad_post_feature_position":"","_kad_post_header":false,"_kad_post_footer":false,"_kad_post_classname":"","footnotes":""},"class_list":["post-127","page","type-page","status-publish","hentry"],"_links":{"self":[{"href":"https:\/\/test-afc.frouxcloud.fr\/index.php\/wp-json\/wp\/v2\/pages\/127","targetHints":{"allow":["GET"]}}],"collection":[{"href":"https:\/\/test-afc.frouxcloud.fr\/index.php\/wp-json\/wp\/v2\/pages"}],"about":[{"href":"https:\/\/test-afc.frouxcloud.fr\/index.php\/wp-json\/wp\/v2\/types\/page"}],"author":[{"embeddable":true,"href":"https:\/\/test-afc.frouxcloud.fr\/index.php\/wp-json\/wp\/v2\/users\/1"}],"replies":[{"embeddable":true,"href":"https:\/\/test-afc.frouxcloud.fr\/index.php\/wp-json\/wp\/v2\/comments?post=127"}],"version-history":[{"count":1,"href":"https:\/\/test-afc.frouxcloud.fr\/index.php\/wp-json\/wp\/v2\/pages\/127\/revisions"}],"predecessor-version":[{"id":129,"href":"https:\/\/test-afc.frouxcloud.fr\/index.php\/wp-json\/wp\/v2\/pages\/127\/revisions\/129"}],"wp:attachment":[{"href":"https:\/\/test-afc.frouxcloud.fr\/index.php\/wp-json\/wp\/v2\/media?parent=127"}],"curies":[{"name":"wp","href":"https:\/\/api.w.org\/{rel}","templated":true}]}}